{"id":5422,"date":"2018-07-03T07:37:56","date_gmt":"2018-07-03T07:37:56","guid":{"rendered":"http:\/\/mezzo.themestek.com\/?page_id=5422"},"modified":"2023-08-16T08:00:56","modified_gmt":"2023-08-16T08:00:56","slug":"contact-2","status":"publish","type":"page","link":"https:\/\/le-bol.fr\/blog\/contact-2\/","title":{"rendered":"Contact"},"content":{"rendered":"\t\t<div data-elementor-type=\"wp-page\" data-elementor-id=\"5422\" class=\"elementor elementor-5422\" data-elementor-post-type=\"page\">\n\t\t\t\t\t\t<section class=\"elementor-section elementor-top-section elementor-element elementor-element-4a6f2ab elementor-section-boxed elementor-section-height-default elementor-section-height-default wpr-particle-no wpr-jarallax-no wpr-parallax-no wpr-sticky-section-no wpr-equal-height-no\" data-id=\"4a6f2ab\" data-element_type=\"section\" data-e-type=\"section\">\n\t\t\t\t\t\t<div class=\"elementor-container elementor-column-gap-default\">\n\t\t\t\t\t<div class=\"elementor-column elementor-col-100 elementor-top-column elementor-element elementor-element-8be2c7d\" data-id=\"8be2c7d\" data-element_type=\"column\" data-e-type=\"column\" data-settings=\"{&quot;background_background&quot;:&quot;classic&quot;}\">\n\t\t\t<div class=\"elementor-widget-wrap elementor-element-populated\">\n\t\t\t\t\t\t<section class=\"elementor-section elementor-inner-section elementor-element elementor-element-7852201 elementor-section-boxed elementor-section-height-default elementor-section-height-default wpr-particle-no wpr-jarallax-no wpr-parallax-no wpr-sticky-section-no wpr-equal-height-no\" data-id=\"7852201\" data-element_type=\"section\" data-e-type=\"section\">\n\t\t\t\t\t\t<div class=\"elementor-container elementor-column-gap-default\">\n\t\t\t\t\t<div class=\"elementor-column elementor-col-50 elementor-inner-column elementor-element elementor-element-73511e2 elementor-hidden-mobile\" data-id=\"73511e2\" data-element_type=\"column\" data-e-type=\"column\" data-settings=\"{&quot;background_background&quot;:&quot;classic&quot;}\">\n\t\t\t<div class=\"elementor-widget-wrap\">\n\t\t\t\t\t\t\t<\/div>\n\t\t<\/div>\n\t\t\t\t<div class=\"elementor-column elementor-col-50 elementor-inner-column elementor-element elementor-element-b3afa9b\" data-id=\"b3afa9b\" data-element_type=\"column\" data-e-type=\"column\">\n\t\t\t<div class=\"elementor-widget-wrap elementor-element-populated\">\n\t\t\t\t\t\t<div class=\"elementor-element elementor-element-e281fe2 elementor-widget elementor-widget-heading\" data-id=\"e281fe2\" data-element_type=\"widget\" data-e-type=\"widget\" data-widget_type=\"heading.default\">\n\t\t\t\t<div class=\"elementor-widget-container\">\n\t\t\t\t\t<h1 class=\"elementor-heading-title elementor-size-default\">CONTACT<\/h1>\t\t\t\t<\/div>\n\t\t\t\t<\/div>\n\t\t\t\t<div class=\"elementor-element elementor-element-22175b7 elementor-widget elementor-widget-text-editor\" data-id=\"22175b7\" data-element_type=\"widget\" data-e-type=\"widget\" data-widget_type=\"text-editor.default\">\n\t\t\t\t<div class=\"elementor-widget-container\">\n\t\t\t\t\t\t\t\t\t<p>Une question, une remarque, une information \u00e0 partager\u00a0? C\u2019est avec grand plaisir que nous r\u00e9pondrons \u00e0 vos messages.<\/p>\t\t\t\t\t\t\t\t<\/div>\n\t\t\t\t<\/div>\n\t\t\t\t<div class=\"elementor-element elementor-element-e5eb024 elementor-button-align-stretch elementor-widget elementor-widget-form\" data-id=\"e5eb024\" data-element_type=\"widget\" data-e-type=\"widget\" data-settings=\"{&quot;button_width&quot;:&quot;20&quot;,&quot;step_next_label&quot;:&quot;Suivant&quot;,&quot;step_previous_label&quot;:&quot;Pr\\u00e9c\\u00e9dent&quot;,&quot;step_type&quot;:&quot;number_text&quot;,&quot;step_icon_shape&quot;:&quot;circle&quot;}\" data-widget_type=\"form.default\">\n\t\t\t\t<div class=\"elementor-widget-container\">\n\t\t\t\t\t\t\t<form class=\"elementor-form\" method=\"post\" name=\"Nouveau formulaire\" aria-label=\"Nouveau formulaire\">\n\t\t\t<input type=\"hidden\" name=\"post_id\" value=\"5422\"\/>\n\t\t\t<input type=\"hidden\" name=\"form_id\" value=\"e5eb024\"\/>\n\t\t\t<input type=\"hidden\" name=\"referer_title\" value=\"Contact &#8211; LE BLOG DU BOL\" \/>\n\n\t\t\t\t\t\t\t<input type=\"hidden\" name=\"queried_id\" value=\"5422\"\/>\n\t\t\t\n\t\t\t<div class=\"elementor-form-fields-wrapper elementor-labels-above\">\n\t\t\t\t\t\t\t\t<div class=\"elementor-field-type-text elementor-field-group elementor-column elementor-field-group-name elementor-col-100\">\n\t\t\t\t\t\t\t\t\t\t\t\t\t<input size=\"1\" type=\"text\" name=\"form_fields[name]\" id=\"form-field-name\" class=\"elementor-field elementor-size-sm  elementor-field-textual\" placeholder=\"Nom\">\n\t\t\t\t\t\t\t\t\t\t\t<\/div>\n\t\t\t\t\t\t\t\t<div class=\"elementor-field-type-email elementor-field-group elementor-column elementor-field-group-email elementor-col-100 elementor-field-required\">\n\t\t\t\t\t\t\t\t\t\t\t\t\t<input size=\"1\" type=\"email\" name=\"form_fields[email]\" id=\"form-field-email\" class=\"elementor-field elementor-size-sm  elementor-field-textual\" placeholder=\"Email\" required=\"required\">\n\t\t\t\t\t\t\t\t\t\t\t<\/div>\n\t\t\t\t\t\t\t\t<div class=\"elementor-field-type-textarea elementor-field-group elementor-column elementor-field-group-message elementor-col-100\">\n\t\t\t\t\t<textarea class=\"elementor-field-textual elementor-field  elementor-size-sm\" name=\"form_fields[message]\" id=\"form-field-message\" rows=\"4\" placeholder=\"Message\"><\/textarea>\t\t\t\t<\/div>\n\t\t\t\t\t\t\t\t<div class=\"elementor-field-group elementor-column elementor-field-type-submit elementor-col-20 e-form__buttons\">\n\t\t\t\t\t<button class=\"elementor-button elementor-size-md\" type=\"submit\">\n\t\t\t\t\t\t<span class=\"elementor-button-content-wrapper\">\n\t\t\t\t\t\t\t\t\t\t\t\t\t\t\t\t\t\t\t\t\t\t<span class=\"elementor-button-text\">Envoyer<\/span>\n\t\t\t\t\t\t\t\t\t\t\t\t\t<\/span>\n\t\t\t\t\t<\/button>\n\t\t\t\t<\/div>\n\t\t\t<\/div>\n\t\t<\/form>\n\t\t\t\t\t\t<\/div>\n\t\t\t\t<\/div>\n\t\t\t\t\t<\/div>\n\t\t<\/div>\n\t\t\t\t\t<\/div>\n\t\t<\/section>\n\t\t\t\t\t<\/div>\n\t\t<\/div>\n\t\t\t\t\t<\/div>\n\t\t<\/section>\n\t\t\t\t<\/div>\n\t\t<p><a href=\"\/\/www.pinterest.com\/pin\/create\/button\/\" data-pin-do=\"buttonBookmark\" data-pin-color=\"red\" data-pin-height=\"128\"><img decoding=\"async\" src=\"\/\/assets.pinterest.com\/images\/pidgets\/pinit_fg_en_rect_red_28.png\" \/><\/a><\/p>","protected":false},"excerpt":{"rendered":"<p>CONTACT Une question, une remarque, une information \u00e0 partager\u00a0? C\u2019est avec grand plaisir que nous r\u00e9pondrons \u00e0 vos messages.<\/p>\n","protected":false},"author":1,"featured_media":0,"parent":0,"menu_order":6,"comment_status":"closed","ping_status":"closed","template":"","meta":{"_uag_custom_page_level_css":"","_lmt_disableupdate":"","_lmt_disable":"","footnotes":""},"class_list":["post-5422","page","type-page","status-publish","hentry"],"yoast_head":"<!-- This site is optimized with the Yoast SEO plugin v26.8 - https:\/\/yoast.com\/product\/yoast-seo-wordpress\/ -->\n<title>Contact &#8211; LE BLOG DU BOL<\/title>\n<meta name=\"description\" content=\"Contactez Le Blog du Bol pour questions, suggestions ou collaborations. Votre avis compte; partageons la passion de la poterie\" \/>\n<meta name=\"robots\" content=\"index, follow, max-snippet:-1, max-image-preview:large, max-video-preview:-1\" \/>\n<link rel=\"canonical\" href=\"https:\/\/le-bol.fr\/blog\/contact-2\/\" \/>\n<meta property=\"og:locale\" content=\"fr_FR\" \/>\n<meta property=\"og:type\" content=\"article\" \/>\n<meta property=\"og:title\" content=\"Contact &#8211; LE BLOG DU BOL\" \/>\n<meta property=\"og:description\" content=\"Contactez Le Blog du Bol pour questions, suggestions ou collaborations. Votre avis compte; partageons la passion de la poterie\" \/>\n<meta property=\"og:url\" content=\"https:\/\/le-bol.fr\/blog\/contact-2\/\" \/>\n<meta property=\"og:site_name\" content=\"LE BLOG DU BOL\" \/>\n<meta property=\"article:modified_time\" content=\"2023-08-16T08:00:56+00:00\" \/>\n<meta property=\"og:image\" content=\"https:\/\/le-bol.fr\/blog\/wp-content\/uploads\/2023\/08\/logo-lebol.png\" \/>\n\t<meta property=\"og:image:width\" content=\"1067\" \/>\n\t<meta property=\"og:image:height\" content=\"1071\" \/>\n\t<meta property=\"og:image:type\" content=\"image\/png\" \/>\n<meta name=\"twitter:card\" content=\"summary_large_image\" \/>\n<meta name=\"twitter:label1\" content=\"Dur\u00e9e de lecture estim\u00e9e\" \/>\n\t<meta name=\"twitter:data1\" content=\"1 minute\" \/>\n<script type=\"application\/ld+json\" class=\"yoast-schema-graph\">{\"@context\":\"https:\/\/schema.org\",\"@graph\":[{\"@type\":\"WebPage\",\"@id\":\"https:\/\/le-bol.fr\/blog\/contact-2\/\",\"url\":\"https:\/\/le-bol.fr\/blog\/contact-2\/\",\"name\":\"Contact &#8211; LE BLOG DU BOL\",\"isPartOf\":{\"@id\":\"https:\/\/le-bol.fr\/blog\/#website\"},\"datePublished\":\"2018-07-03T07:37:56+00:00\",\"dateModified\":\"2023-08-16T08:00:56+00:00\",\"description\":\"Contactez Le Blog du Bol pour questions, suggestions ou collaborations. Votre avis compte; partageons la passion de la poterie\",\"breadcrumb\":{\"@id\":\"https:\/\/le-bol.fr\/blog\/contact-2\/#breadcrumb\"},\"inLanguage\":\"fr-FR\",\"potentialAction\":[{\"@type\":\"ReadAction\",\"target\":[\"https:\/\/le-bol.fr\/blog\/contact-2\/\"]}]},{\"@type\":\"BreadcrumbList\",\"@id\":\"https:\/\/le-bol.fr\/blog\/contact-2\/#breadcrumb\",\"itemListElement\":[{\"@type\":\"ListItem\",\"position\":1,\"name\":\"Accueil\",\"item\":\"https:\/\/le-bol.fr\/blog\/\"},{\"@type\":\"ListItem\",\"position\":2,\"name\":\"Contact\"}]},{\"@type\":\"WebSite\",\"@id\":\"https:\/\/le-bol.fr\/blog\/#website\",\"url\":\"https:\/\/le-bol.fr\/blog\/\",\"name\":\"LE BLOG DU BOL\",\"description\":\"Donne vie \u00e0 la terre\",\"publisher\":{\"@id\":\"https:\/\/le-bol.fr\/blog\/#\/schema\/person\/cec6a4af61408f0dc6d97d58e0334d9b\"},\"potentialAction\":[{\"@type\":\"SearchAction\",\"target\":{\"@type\":\"EntryPoint\",\"urlTemplate\":\"https:\/\/le-bol.fr\/blog\/?s={search_term_string}\"},\"query-input\":{\"@type\":\"PropertyValueSpecification\",\"valueRequired\":true,\"valueName\":\"search_term_string\"}}],\"inLanguage\":\"fr-FR\"},{\"@type\":[\"Person\",\"Organization\"],\"@id\":\"https:\/\/le-bol.fr\/blog\/#\/schema\/person\/cec6a4af61408f0dc6d97d58e0334d9b\",\"name\":\"Sarah\",\"image\":{\"@type\":\"ImageObject\",\"inLanguage\":\"fr-FR\",\"@id\":\"https:\/\/le-bol.fr\/blog\/#\/schema\/person\/image\/\",\"url\":\"https:\/\/le-bol.fr\/blog\/wp-content\/uploads\/2023\/08\/logo-lebol.png\",\"contentUrl\":\"https:\/\/le-bol.fr\/blog\/wp-content\/uploads\/2023\/08\/logo-lebol.png\",\"width\":1067,\"height\":1071,\"caption\":\"Sarah\"},\"logo\":{\"@id\":\"https:\/\/le-bol.fr\/blog\/#\/schema\/person\/image\/\"},\"description\":\"Passionn\u00e9e du tournage de poterie, je me suis donn\u00e9 un objectif : vivre de ma passion! Ce blog a pour but de partager avec vous mes recherches, mes r\u00e9alisations, mes \u00e9checs et mes r\u00e9ussites. Bienvenue!\",\"sameAs\":[\"https:\/\/le-bol.fr\/blog\/\"]}]}<\/script>\n<!-- \/ Yoast SEO plugin. -->","yoast_head_json":{"title":"Contact &#8211; LE BLOG DU BOL","description":"Contactez Le Blog du Bol pour questions, suggestions ou collaborations. Votre avis compte; partageons la passion de la poterie","robots":{"index":"index","follow":"follow","max-snippet":"max-snippet:-1","max-image-preview":"max-image-preview:large","max-video-preview":"max-video-preview:-1"},"canonical":"https:\/\/le-bol.fr\/blog\/contact-2\/","og_locale":"fr_FR","og_type":"article","og_title":"Contact &#8211; LE BLOG DU BOL","og_description":"Contactez Le Blog du Bol pour questions, suggestions ou collaborations. Votre avis compte; partageons la passion de la poterie","og_url":"https:\/\/le-bol.fr\/blog\/contact-2\/","og_site_name":"LE BLOG DU BOL","article_modified_time":"2023-08-16T08:00:56+00:00","og_image":[{"width":1067,"height":1071,"url":"https:\/\/le-bol.fr\/blog\/wp-content\/uploads\/2023\/08\/logo-lebol.png","type":"image\/png"}],"twitter_card":"summary_large_image","twitter_misc":{"Dur\u00e9e de lecture estim\u00e9e":"1 minute"},"schema":{"@context":"https:\/\/schema.org","@graph":[{"@type":"WebPage","@id":"https:\/\/le-bol.fr\/blog\/contact-2\/","url":"https:\/\/le-bol.fr\/blog\/contact-2\/","name":"Contact &#8211; LE BLOG DU BOL","isPartOf":{"@id":"https:\/\/le-bol.fr\/blog\/#website"},"datePublished":"2018-07-03T07:37:56+00:00","dateModified":"2023-08-16T08:00:56+00:00","description":"Contactez Le Blog du Bol pour questions, suggestions ou collaborations. Votre avis compte; partageons la passion de la poterie","breadcrumb":{"@id":"https:\/\/le-bol.fr\/blog\/contact-2\/#breadcrumb"},"inLanguage":"fr-FR","potentialAction":[{"@type":"ReadAction","target":["https:\/\/le-bol.fr\/blog\/contact-2\/"]}]},{"@type":"BreadcrumbList","@id":"https:\/\/le-bol.fr\/blog\/contact-2\/#breadcrumb","itemListElement":[{"@type":"ListItem","position":1,"name":"Accueil","item":"https:\/\/le-bol.fr\/blog\/"},{"@type":"ListItem","position":2,"name":"Contact"}]},{"@type":"WebSite","@id":"https:\/\/le-bol.fr\/blog\/#website","url":"https:\/\/le-bol.fr\/blog\/","name":"LE BLOG DU BOL","description":"Donne vie \u00e0 la terre","publisher":{"@id":"https:\/\/le-bol.fr\/blog\/#\/schema\/person\/cec6a4af61408f0dc6d97d58e0334d9b"},"potentialAction":[{"@type":"SearchAction","target":{"@type":"EntryPoint","urlTemplate":"https:\/\/le-bol.fr\/blog\/?s={search_term_string}"},"query-input":{"@type":"PropertyValueSpecification","valueRequired":true,"valueName":"search_term_string"}}],"inLanguage":"fr-FR"},{"@type":["Person","Organization"],"@id":"https:\/\/le-bol.fr\/blog\/#\/schema\/person\/cec6a4af61408f0dc6d97d58e0334d9b","name":"Sarah","image":{"@type":"ImageObject","inLanguage":"fr-FR","@id":"https:\/\/le-bol.fr\/blog\/#\/schema\/person\/image\/","url":"https:\/\/le-bol.fr\/blog\/wp-content\/uploads\/2023\/08\/logo-lebol.png","contentUrl":"https:\/\/le-bol.fr\/blog\/wp-content\/uploads\/2023\/08\/logo-lebol.png","width":1067,"height":1071,"caption":"Sarah"},"logo":{"@id":"https:\/\/le-bol.fr\/blog\/#\/schema\/person\/image\/"},"description":"Passionn\u00e9e du tournage de poterie, je me suis donn\u00e9 un objectif : vivre de ma passion! Ce blog a pour but de partager avec vous mes recherches, mes r\u00e9alisations, mes \u00e9checs et mes r\u00e9ussites. Bienvenue!","sameAs":["https:\/\/le-bol.fr\/blog\/"]}]}},"uagb_featured_image_src":{"full":false,"thumbnail":false,"medium":false,"medium_large":false,"large":false,"1536x1536":false,"2048x2048":false},"uagb_author_info":{"display_name":"Sarah","author_link":"https:\/\/le-bol.fr\/blog\/author\/lebol47310\/"},"uagb_comment_info":0,"uagb_excerpt":"CONTACT Une question, une remarque, une information \u00e0 partager\u00a0? C\u2019est avec grand plaisir que nous r\u00e9pondrons \u00e0 vos messages.","acf":[],"_links":{"self":[{"href":"https:\/\/le-bol.fr\/blog\/wp-json\/wp\/v2\/pages\/5422","targetHints":{"allow":["GET"]}}],"collection":[{"href":"https:\/\/le-bol.fr\/blog\/wp-json\/wp\/v2\/pages"}],"about":[{"href":"https:\/\/le-bol.fr\/blog\/wp-json\/wp\/v2\/types\/page"}],"author":[{"embeddable":true,"href":"https:\/\/le-bol.fr\/blog\/wp-json\/wp\/v2\/users\/1"}],"replies":[{"embeddable":true,"href":"https:\/\/le-bol.fr\/blog\/wp-json\/wp\/v2\/comments?post=5422"}],"version-history":[{"count":37,"href":"https:\/\/le-bol.fr\/blog\/wp-json\/wp\/v2\/pages\/5422\/revisions"}],"predecessor-version":[{"id":12457,"href":"https:\/\/le-bol.fr\/blog\/wp-json\/wp\/v2\/pages\/5422\/revisions\/12457"}],"wp:attachment":[{"href":"https:\/\/le-bol.fr\/blog\/wp-json\/wp\/v2\/media?parent=5422"}],"curies":[{"name":"wp","href":"https:\/\/api.w.org\/{rel}","templated":true}]}}