{"id":11939,"date":"2023-08-11T08:37:58","date_gmt":"2023-08-11T08:37:58","guid":{"rendered":"https:\/\/www.le-blog-du-bol.fr\/?page_id=11939"},"modified":"2023-08-11T08:38:00","modified_gmt":"2023-08-11T08:38:00","slug":"politique-de-confidentialite-du-blog-du-bol","status":"publish","type":"page","link":"https:\/\/le-bol.fr\/blog\/politique-de-confidentialite-du-blog-du-bol\/","title":{"rendered":"Politique de confidentialit\u00e9 du blog du bol"},"content":{"rendered":"\n<p><strong>1. Introduction<\/strong><\/p>\n\n\n\n<p>Nous prenons la confidentialit\u00e9 des donn\u00e9es personnelles tr\u00e8s au s\u00e9rieux. Cette politique de confidentialit\u00e9 d\u00e9taille comment \u00ab\u00a0le Blog du Bol\u00a0\u00bb collecte, stocke et utilise vos donn\u00e9es personnelles.<\/p>\n\n\n\n<p><strong>2. Collecte des donn\u00e9es personnelles<\/strong><\/p>\n\n\n\n<p>Lors de votre navigation sur <a href=\"https:\/\/le-blog-du-bol.fr\/\">https:\/\/le-blog-du-bol.fr<\/a>, nous pourrions collecter les types d&rsquo;informations suivants :<\/p>\n\n\n\n<ul class=\"wp-block-list\">\n<li>Informations sur votre appareil et votre navigateur.<\/li>\n\n\n\n<li>Informations sur votre visite, notamment les pages que vous avez consult\u00e9es et les liens que vous avez suivis.<\/li>\n\n\n\n<li>Informations que vous nous fournissez pour vous abonner \u00e0 notre newsletter ou lors d&rsquo;une prise de contact.<\/li>\n<\/ul>\n\n\n\n<p><strong>3. Utilisation de vos donn\u00e9es personnelles<\/strong><\/p>\n\n\n\n<p>Vos donn\u00e9es pourraient \u00eatre utilis\u00e9es dans les buts suivants :<\/p>\n\n\n\n<ul class=\"wp-block-list\">\n<li>G\u00e9rer notre site web.<\/li>\n\n\n\n<li>Am\u00e9liorer votre exp\u00e9rience de navigation.<\/li>\n\n\n\n<li>Vous envoyer des newsletters ou des notifications par email.<\/li>\n<\/ul>\n\n\n\n<p><strong>4. Conservation de vos donn\u00e9es personnelles<\/strong><\/p>\n\n\n\n<p>Vos donn\u00e9es personnelles sont conserv\u00e9es aussi longtemps que n\u00e9cessaire pour fournir les services que vous avez demand\u00e9s, ou pour d&rsquo;autres essentiels (comme se conformer \u00e0 nos obligations l\u00e9gales, r\u00e9soudre des litiges, etc.).<\/p>\n\n\n\n<p><strong>5. Partage de vos donn\u00e9es personnelles<\/strong><\/p>\n\n\n\n<p>Nous ne vendrons, louerons ou \u00e9changerons jamais vos informations personnelles \u00e0 des tiers \u00e0 des fins marketing sans votre consentement explicite.<\/p>\n\n\n\n<p><strong>6. S\u00e9curit\u00e9 de vos donn\u00e9es personnelles<\/strong><\/p>\n\n\n\n<p>Nous prenons des pr\u00e9cautions techniques et organisationnelles pour pr\u00e9venir la perte, la mauvaise utilisation ou l&rsquo;alt\u00e9ration de vos informations personnelles.<\/p>\n\n\n\n<p><strong>7. Vos droits<\/strong><\/p>\n\n\n\n<p>Vous avez le droit de demander une copie de toutes les donn\u00e9es personnelles que nous d\u00e9tenons \u00e0 votre sujet. Vous pouvez \u00e9galement demander la correction, la suppression ou la restriction de l&rsquo;utilisation de vos donn\u00e9es personnelles.<\/p>\n\n\n\n<p><strong>8. Mise \u00e0 jour de cette politique<\/strong><\/p>\n\n\n\n<p>Nous pourrions mettre \u00e0 jour cette politique de confidentialit\u00e9 en publiant une nouvelle version sur notre site. Vous devriez v\u00e9rifier cette page de temps en temps pour vous assurer de comprendre les modifications.<\/p>\n\n\n\n<p><strong>9. Contact<\/strong><\/p>\n\n\n\n<p>Si vous avez des questions sur cette politique de confidentialit\u00e9 ou sur le traitement de vos donn\u00e9es personnelles, veuillez nous contacter par email \u00e0 <a href=\"mailto:info@le-bol.fr\">info@le-bol.fr<\/a> ou par courrier \u00e0 l&rsquo;adresse : 10, chemin de Plaisance, 47310 S\u00e9rignac sur Garonne, France.<\/p>\n<p><a href=\"\/\/www.pinterest.com\/pin\/create\/button\/\" data-pin-do=\"buttonBookmark\" data-pin-color=\"red\" data-pin-height=\"128\"><img decoding=\"async\" src=\"\/\/assets.pinterest.com\/images\/pidgets\/pinit_fg_en_rect_red_28.png\" \/><\/a><\/p>","protected":false},"excerpt":{"rendered":"<p>1. Introduction Nous prenons la confidentialit\u00e9 des donn\u00e9es personnelles tr\u00e8s au s\u00e9rieux. Cette politique de confidentialit\u00e9 d\u00e9taille comment \u00ab\u00a0le Blog du Bol\u00a0\u00bb collecte, stocke et utilise vos donn\u00e9es personnelles. 2. Collecte des donn\u00e9es personnelles Lors de votre navigation sur https:\/\/le-blog-du-bol.fr, nous pourrions collecter les types d&rsquo;informations suivants : 3. Utilisation de vos donn\u00e9es personnelles Vos donn\u00e9es pourraient \u00eatre utilis\u00e9es dans les buts suivants : 4. Conservation de vos donn\u00e9es personnelles Vos donn\u00e9es personnelles sont conserv\u00e9es aussi longtemps que n\u00e9cessaire pour fournir les services que vous avez demand\u00e9s, ou pour d&rsquo;autres essentiels (comme se conformer \u00e0 nos obligations l\u00e9gales, r\u00e9soudre des litiges, etc.). 5. Partage de vos donn\u00e9es personnelles Nous ne vendrons, louerons ou \u00e9changerons jamais vos informations personnelles \u00e0 des tiers \u00e0 des fins marketing sans votre consentement explicite. 6. S\u00e9curit\u00e9 de vos donn\u00e9es personnelles Nous prenons des pr\u00e9cautions techniques et organisationnelles pour pr\u00e9venir la perte, la mauvaise utilisation ou l&rsquo;alt\u00e9ration de vos informations personnelles. 7. Vos droits Vous avez le droit de demander une copie de toutes les donn\u00e9es personnelles que nous d\u00e9tenons \u00e0 votre sujet. Vous pouvez \u00e9galement demander la correction, la suppression ou la restriction de l&rsquo;utilisation de vos donn\u00e9es personnelles. 8. Mise \u00e0 jour de cette politique Nous pourrions mettre \u00e0 jour cette politique de confidentialit\u00e9 en publiant une nouvelle version sur notre site. Vous devriez v\u00e9rifier cette page de temps en temps pour vous assurer de comprendre les modifications. 9. Contact Si vous avez des questions sur cette politique de confidentialit\u00e9 ou sur le traitement de vos donn\u00e9es personnelles, veuillez nous contacter par email \u00e0 info@le-bol.fr ou par courrier \u00e0 l&rsquo;adresse : 10, chemin de Plaisance, 47310 S\u00e9rignac sur Garonne, France.<\/p>\n","protected":false},"author":4,"featured_media":0,"parent":0,"menu_order":0,"comment_status":"closed","ping_status":"closed","template":"","meta":{"_uag_custom_page_level_css":"","_lmt_disableupdate":"","_lmt_disable":"","footnotes":""},"class_list":["post-11939","page","type-page","status-publish","hentry"],"yoast_head":"<!-- This site is optimized with the Yoast SEO plugin v26.8 - https:\/\/yoast.com\/product\/yoast-seo-wordpress\/ -->\n<title>Politique de confidentialit\u00e9 du blog du bol &#8211; LE BLOG DU BOL<\/title>\n<meta name=\"description\" content=\"R\u00e9sultats de votre recherche sur le Blog du Bol. Explorez les articles, tutoriels et guides li\u00e9s \u00e0 la poterie correspondant \u00e0 votre requ\u00eate. Trouvez ce que vous cherchez!\" \/>\n<meta name=\"robots\" content=\"index, follow, max-snippet:-1, max-image-preview:large, max-video-preview:-1\" \/>\n<link rel=\"canonical\" href=\"https:\/\/le-bol.fr\/blog\/politique-de-confidentialite-du-blog-du-bol\/\" \/>\n<meta property=\"og:locale\" content=\"fr_FR\" \/>\n<meta property=\"og:type\" content=\"article\" \/>\n<meta property=\"og:title\" content=\"Politique de confidentialit\u00e9 du blog du bol &#8211; LE BLOG DU BOL\" \/>\n<meta property=\"og:description\" content=\"R\u00e9sultats de votre recherche sur le Blog du Bol. Explorez les articles, tutoriels et guides li\u00e9s \u00e0 la poterie correspondant \u00e0 votre requ\u00eate. Trouvez ce que vous cherchez!\" \/>\n<meta property=\"og:url\" content=\"https:\/\/le-bol.fr\/blog\/politique-de-confidentialite-du-blog-du-bol\/\" \/>\n<meta property=\"og:site_name\" content=\"LE BLOG DU BOL\" \/>\n<meta property=\"article:modified_time\" content=\"2023-08-11T08:38:00+00:00\" \/>\n<meta property=\"og:image\" content=\"https:\/\/le-bol.fr\/blog\/wp-content\/uploads\/2023\/08\/logo-lebol.png\" \/>\n\t<meta property=\"og:image:width\" content=\"1067\" \/>\n\t<meta property=\"og:image:height\" content=\"1071\" \/>\n\t<meta property=\"og:image:type\" content=\"image\/png\" \/>\n<meta name=\"twitter:card\" content=\"summary_large_image\" \/>\n<meta name=\"twitter:label1\" content=\"Dur\u00e9e de lecture estim\u00e9e\" \/>\n\t<meta name=\"twitter:data1\" content=\"2 minutes\" \/>\n<script type=\"application\/ld+json\" class=\"yoast-schema-graph\">{\"@context\":\"https:\/\/schema.org\",\"@graph\":[{\"@type\":\"WebPage\",\"@id\":\"https:\/\/le-bol.fr\/blog\/politique-de-confidentialite-du-blog-du-bol\/\",\"url\":\"https:\/\/le-bol.fr\/blog\/politique-de-confidentialite-du-blog-du-bol\/\",\"name\":\"Politique de confidentialit\u00e9 du blog du bol &#8211; LE BLOG DU BOL\",\"isPartOf\":{\"@id\":\"https:\/\/le-bol.fr\/blog\/#website\"},\"datePublished\":\"2023-08-11T08:37:58+00:00\",\"dateModified\":\"2023-08-11T08:38:00+00:00\",\"description\":\"R\u00e9sultats de votre recherche sur le Blog du Bol. Explorez les articles, tutoriels et guides li\u00e9s \u00e0 la poterie correspondant \u00e0 votre requ\u00eate. Trouvez ce que vous cherchez!\",\"breadcrumb\":{\"@id\":\"https:\/\/le-bol.fr\/blog\/politique-de-confidentialite-du-blog-du-bol\/#breadcrumb\"},\"inLanguage\":\"fr-FR\",\"potentialAction\":[{\"@type\":\"ReadAction\",\"target\":[\"https:\/\/le-bol.fr\/blog\/politique-de-confidentialite-du-blog-du-bol\/\"]}]},{\"@type\":\"BreadcrumbList\",\"@id\":\"https:\/\/le-bol.fr\/blog\/politique-de-confidentialite-du-blog-du-bol\/#breadcrumb\",\"itemListElement\":[{\"@type\":\"ListItem\",\"position\":1,\"name\":\"Accueil\",\"item\":\"https:\/\/le-bol.fr\/blog\/\"},{\"@type\":\"ListItem\",\"position\":2,\"name\":\"Politique de confidentialit\u00e9 du blog du bol\"}]},{\"@type\":\"WebSite\",\"@id\":\"https:\/\/le-bol.fr\/blog\/#website\",\"url\":\"https:\/\/le-bol.fr\/blog\/\",\"name\":\"LE BLOG DU BOL\",\"description\":\"Donne vie \u00e0 la terre\",\"publisher\":{\"@id\":\"https:\/\/le-bol.fr\/blog\/#\/schema\/person\/cec6a4af61408f0dc6d97d58e0334d9b\"},\"potentialAction\":[{\"@type\":\"SearchAction\",\"target\":{\"@type\":\"EntryPoint\",\"urlTemplate\":\"https:\/\/le-bol.fr\/blog\/?s={search_term_string}\"},\"query-input\":{\"@type\":\"PropertyValueSpecification\",\"valueRequired\":true,\"valueName\":\"search_term_string\"}}],\"inLanguage\":\"fr-FR\"},{\"@type\":[\"Person\",\"Organization\"],\"@id\":\"https:\/\/le-bol.fr\/blog\/#\/schema\/person\/cec6a4af61408f0dc6d97d58e0334d9b\",\"name\":\"Sarah\",\"image\":{\"@type\":\"ImageObject\",\"inLanguage\":\"fr-FR\",\"@id\":\"https:\/\/le-bol.fr\/blog\/#\/schema\/person\/image\/\",\"url\":\"https:\/\/le-bol.fr\/blog\/wp-content\/uploads\/2023\/08\/logo-lebol.png\",\"contentUrl\":\"https:\/\/le-bol.fr\/blog\/wp-content\/uploads\/2023\/08\/logo-lebol.png\",\"width\":1067,\"height\":1071,\"caption\":\"Sarah\"},\"logo\":{\"@id\":\"https:\/\/le-bol.fr\/blog\/#\/schema\/person\/image\/\"},\"description\":\"Passionn\u00e9e du tournage de poterie, je me suis donn\u00e9 un objectif : vivre de ma passion! Ce blog a pour but de partager avec vous mes recherches, mes r\u00e9alisations, mes \u00e9checs et mes r\u00e9ussites. Bienvenue!\",\"sameAs\":[\"https:\/\/le-bol.fr\/blog\/\"]}]}<\/script>\n<!-- \/ Yoast SEO plugin. -->","yoast_head_json":{"title":"Politique de confidentialit\u00e9 du blog du bol &#8211; LE BLOG DU BOL","description":"R\u00e9sultats de votre recherche sur le Blog du Bol. Explorez les articles, tutoriels et guides li\u00e9s \u00e0 la poterie correspondant \u00e0 votre requ\u00eate. Trouvez ce que vous cherchez!","robots":{"index":"index","follow":"follow","max-snippet":"max-snippet:-1","max-image-preview":"max-image-preview:large","max-video-preview":"max-video-preview:-1"},"canonical":"https:\/\/le-bol.fr\/blog\/politique-de-confidentialite-du-blog-du-bol\/","og_locale":"fr_FR","og_type":"article","og_title":"Politique de confidentialit\u00e9 du blog du bol &#8211; LE BLOG DU BOL","og_description":"R\u00e9sultats de votre recherche sur le Blog du Bol. Explorez les articles, tutoriels et guides li\u00e9s \u00e0 la poterie correspondant \u00e0 votre requ\u00eate. Trouvez ce que vous cherchez!","og_url":"https:\/\/le-bol.fr\/blog\/politique-de-confidentialite-du-blog-du-bol\/","og_site_name":"LE BLOG DU BOL","article_modified_time":"2023-08-11T08:38:00+00:00","og_image":[{"width":1067,"height":1071,"url":"https:\/\/le-bol.fr\/blog\/wp-content\/uploads\/2023\/08\/logo-lebol.png","type":"image\/png"}],"twitter_card":"summary_large_image","twitter_misc":{"Dur\u00e9e de lecture estim\u00e9e":"2 minutes"},"schema":{"@context":"https:\/\/schema.org","@graph":[{"@type":"WebPage","@id":"https:\/\/le-bol.fr\/blog\/politique-de-confidentialite-du-blog-du-bol\/","url":"https:\/\/le-bol.fr\/blog\/politique-de-confidentialite-du-blog-du-bol\/","name":"Politique de confidentialit\u00e9 du blog du bol &#8211; LE BLOG DU BOL","isPartOf":{"@id":"https:\/\/le-bol.fr\/blog\/#website"},"datePublished":"2023-08-11T08:37:58+00:00","dateModified":"2023-08-11T08:38:00+00:00","description":"R\u00e9sultats de votre recherche sur le Blog du Bol. Explorez les articles, tutoriels et guides li\u00e9s \u00e0 la poterie correspondant \u00e0 votre requ\u00eate. Trouvez ce que vous cherchez!","breadcrumb":{"@id":"https:\/\/le-bol.fr\/blog\/politique-de-confidentialite-du-blog-du-bol\/#breadcrumb"},"inLanguage":"fr-FR","potentialAction":[{"@type":"ReadAction","target":["https:\/\/le-bol.fr\/blog\/politique-de-confidentialite-du-blog-du-bol\/"]}]},{"@type":"BreadcrumbList","@id":"https:\/\/le-bol.fr\/blog\/politique-de-confidentialite-du-blog-du-bol\/#breadcrumb","itemListElement":[{"@type":"ListItem","position":1,"name":"Accueil","item":"https:\/\/le-bol.fr\/blog\/"},{"@type":"ListItem","position":2,"name":"Politique de confidentialit\u00e9 du blog du bol"}]},{"@type":"WebSite","@id":"https:\/\/le-bol.fr\/blog\/#website","url":"https:\/\/le-bol.fr\/blog\/","name":"LE BLOG DU BOL","description":"Donne vie \u00e0 la terre","publisher":{"@id":"https:\/\/le-bol.fr\/blog\/#\/schema\/person\/cec6a4af61408f0dc6d97d58e0334d9b"},"potentialAction":[{"@type":"SearchAction","target":{"@type":"EntryPoint","urlTemplate":"https:\/\/le-bol.fr\/blog\/?s={search_term_string}"},"query-input":{"@type":"PropertyValueSpecification","valueRequired":true,"valueName":"search_term_string"}}],"inLanguage":"fr-FR"},{"@type":["Person","Organization"],"@id":"https:\/\/le-bol.fr\/blog\/#\/schema\/person\/cec6a4af61408f0dc6d97d58e0334d9b","name":"Sarah","image":{"@type":"ImageObject","inLanguage":"fr-FR","@id":"https:\/\/le-bol.fr\/blog\/#\/schema\/person\/image\/","url":"https:\/\/le-bol.fr\/blog\/wp-content\/uploads\/2023\/08\/logo-lebol.png","contentUrl":"https:\/\/le-bol.fr\/blog\/wp-content\/uploads\/2023\/08\/logo-lebol.png","width":1067,"height":1071,"caption":"Sarah"},"logo":{"@id":"https:\/\/le-bol.fr\/blog\/#\/schema\/person\/image\/"},"description":"Passionn\u00e9e du tournage de poterie, je me suis donn\u00e9 un objectif : vivre de ma passion! Ce blog a pour but de partager avec vous mes recherches, mes r\u00e9alisations, mes \u00e9checs et mes r\u00e9ussites. Bienvenue!","sameAs":["https:\/\/le-bol.fr\/blog\/"]}]}},"uagb_featured_image_src":{"full":false,"thumbnail":false,"medium":false,"medium_large":false,"large":false,"1536x1536":false,"2048x2048":false},"uagb_author_info":{"display_name":"marc","author_link":"https:\/\/le-bol.fr\/blog\/author\/marc\/"},"uagb_comment_info":0,"uagb_excerpt":"1. Introduction Nous prenons la confidentialit\u00e9 des donn\u00e9es personnelles tr\u00e8s au s\u00e9rieux. Cette politique de confidentialit\u00e9 d\u00e9taille comment \u00ab\u00a0le Blog du Bol\u00a0\u00bb collecte, stocke et utilise vos donn\u00e9es personnelles. 2. Collecte des donn\u00e9es personnelles Lors de votre navigation sur https:\/\/le-blog-du-bol.fr, nous pourrions collecter les types d&rsquo;informations suivants : 3. Utilisation de vos donn\u00e9es personnelles Vos\u2026","acf":[],"_links":{"self":[{"href":"https:\/\/le-bol.fr\/blog\/wp-json\/wp\/v2\/pages\/11939","targetHints":{"allow":["GET"]}}],"collection":[{"href":"https:\/\/le-bol.fr\/blog\/wp-json\/wp\/v2\/pages"}],"about":[{"href":"https:\/\/le-bol.fr\/blog\/wp-json\/wp\/v2\/types\/page"}],"author":[{"embeddable":true,"href":"https:\/\/le-bol.fr\/blog\/wp-json\/wp\/v2\/users\/4"}],"replies":[{"embeddable":true,"href":"https:\/\/le-bol.fr\/blog\/wp-json\/wp\/v2\/comments?post=11939"}],"version-history":[{"count":1,"href":"https:\/\/le-bol.fr\/blog\/wp-json\/wp\/v2\/pages\/11939\/revisions"}],"predecessor-version":[{"id":11940,"href":"https:\/\/le-bol.fr\/blog\/wp-json\/wp\/v2\/pages\/11939\/revisions\/11940"}],"wp:attachment":[{"href":"https:\/\/le-bol.fr\/blog\/wp-json\/wp\/v2\/media?parent=11939"}],"curies":[{"name":"wp","href":"https:\/\/api.w.org\/{rel}","templated":true}]}}