{"id":11923,"date":"2023-08-11T07:55:08","date_gmt":"2023-08-11T07:55:08","guid":{"rendered":"https:\/\/www.le-blog-du-bol.fr\/?page_id=11923"},"modified":"2023-08-11T07:55:10","modified_gmt":"2023-08-11T07:55:10","slug":"protection-des-donnees","status":"publish","type":"page","link":"https:\/\/le-bol.fr\/blog\/protection-des-donnees\/","title":{"rendered":"PROTECTION DES DONNEES"},"content":{"rendered":"\n<p><strong>Propri\u00e9t\u00e9 intellectuelle :<\/strong><\/p>\n\n\n\n<p>La structure g\u00e9n\u00e9rale ainsi que les logiciels, textes, images anim\u00e9es ou non, son savoir-faire et tous les autres \u00e9l\u00e9ments composant le site sont la propri\u00e9t\u00e9 exclusive du Blog du Bol-&nbsp;<a href=\"https:\/\/le-blog-du-bol.fr\/\" target=\"_blank\" rel=\"noreferrer noopener\">https:\/\/le-blog-du-bol.fr<\/a>.<br>Les logos et marques des soci\u00e9t\u00e9s cit\u00e9es sur le&nbsp;du Blog du Bol-&nbsp;<a href=\"https:\/\/le-blog-du-bol.fr\/\" target=\"_blank\" rel=\"noreferrer noopener\">https:\/\/le-blog-du-bol.fr<\/a>&nbsp;sont la propri\u00e9t\u00e9 exclusive de leurs auteurs respectifs.<br>Toute repr\u00e9sentation, reproduction, et\/ou exploitation, qu&rsquo;elle(s) soi(en)t partielle(s) ou totale(s), des marques pr\u00e9cit\u00e9es est (sont) interdite(s), sauf accord \u00e9crit et pr\u00e9alable de leurs titulaires.<\/p>\n\n\n\n<p><strong>Droits d&rsquo;auteur :<br><\/strong>Toute repr\u00e9sentation totale ou partielle de ce blog par quelque personne que ce soit, sans l&rsquo;autorisation expresse de le Blog du Bol&nbsp; est interdite et constituerait une contrefa\u00e7on sanctionn\u00e9e par les articles L. 335-2 et suivants du Code de la propri\u00e9t\u00e9 intellectuelle.<br>L&rsquo;\u00e9laboration de liens hypertextes profonds vers le blog&nbsp;le Blog du Bol&nbsp;&nbsp;est interdite sans l&rsquo;accord expr\u00e8s et pr\u00e9alable de l&rsquo;\u00e9diteur du site&nbsp;le Blog du Bol&nbsp;.<br>Par ailleurs, l&rsquo;utilisation des informations contenues sur le pr\u00e9sent blog rel\u00e8ve de la seule responsabilit\u00e9 de l&rsquo;utilisateur. Nous ne pourrions en aucun cas, et pour quelque cause que ce soit, en \u00eatre tenus pour responsables, et ce, quelque en soit les cons\u00e9quences. Nous ne sommes responsables d&rsquo;aucune erreur ou omission sur le pr\u00e9sent site.<\/p>\n\n\n\n<p><strong>Avertissement g\u00e9n\u00e9ral :<br><\/strong>La consultation du&nbsp;Blog du Bol-&nbsp;<a href=\"https:\/\/le-blog-du-bol.fr\/\" target=\"_blank\" rel=\"noreferrer noopener\">https:\/\/le-blog-du-bol.fr<\/a>&nbsp;est propos\u00e9e aux internautes \u00e0 titre gratuit et sans aucune garantie de la part de son \u00e9diteur.<br>Les informations disponibles sur le&nbsp;Blog du Bol-&nbsp;<a href=\"https:\/\/le-blog-du-bol.fr\/\" target=\"_blank\" rel=\"noreferrer noopener\">https:\/\/le-blog-du-bol.fr<\/a>&nbsp;qui proviennent de sources ext\u00e9rieures ne saurait garantir qu&rsquo;elles sont exemptes d&rsquo;erreurs, ni garantir leur compl\u00e9tude, leur actualit\u00e9, leur exhaustivit\u00e9 ou autre.<br>En cons\u00e9quence, il appartient \u00e0 l&rsquo;internaute d&rsquo;utiliser les informations figurant sur le site Internet \u00e0 ses risques et de proc\u00e9der \u00e0 toute v\u00e9rification sous sa responsabilit\u00e9 exclusive.<br>le Blog du Bol-&nbsp;<a href=\"https:\/\/le-blog-du-bol.fr\/\" target=\"_blank\" rel=\"noreferrer noopener\">https:\/\/le-blog-du-bol.fr<\/a>&nbsp;ne serait \u00eatre tenu responsable de l&rsquo;interpr\u00e9tation faite par les internautes, quelle qu&rsquo;elle soit, de tous les renseignements, informations et conseils propos\u00e9s sur son blog, et des cons\u00e9quences pouvant en d\u00e9couler.<br>Les propri\u00e9taires des sites marchands, de service, sites persos, sites informatiques (etc.) consult\u00e9s \u00e0 partir du blog&nbsp;Blog du Bol-&nbsp;<a href=\"https:\/\/le-blog-du-bol.fr\/\" target=\"_blank\" rel=\"noreferrer noopener\">https:\/\/le-blog-du-bol.fr<\/a>&nbsp;sont seuls responsables du respect par eux de l&rsquo;ensemble des r\u00e9glementations s&rsquo;appliquant dans le cadre des prestations offertes aux clients finaux, et notamment, des lois et r\u00e8glements relatifs \u00e0 :<br>\u2013 La vente \u00e0 distance,<br>\u2013 La protection du consommateur,<br>\u2013 La publicit\u00e9 mensong\u00e8re ou trompeuse,<br>\u2013 Les prix,<br>\u2013 La conformit\u00e9 des produits.<br>\u2013 Toutes les marques cit\u00e9es sont d\u00e9pos\u00e9es par leurs propri\u00e9taires respectifs.<\/p>\n\n\n\n<p><strong>Utilisation de Cookies :<br><\/strong>Le Blog du Bol-&nbsp;<a href=\"https:\/\/le-blog-du-bol.fr\/\" target=\"_blank\" rel=\"noreferrer noopener\">https:\/\/le-blog-du-bol.fr<\/a>&nbsp;vous informe qu&rsquo;un ou plusieurs cookies (petits fichiers textes) peuvent s&rsquo;installer automatiquement sur le disque dur de votre ordinateur lors de votre visite sur le&nbsp;Blog du Bol-&nbsp;<a href=\"https:\/\/le-blog-du-bol.fr\/\" target=\"_blank\" rel=\"noreferrer noopener\">https:\/\/le-blog-du-bol.fr<\/a>. Ces cookies peuvent provenir des partenaires de&nbsp;Blog du Bol-&nbsp;<a href=\"https:\/\/le-blog-du-bol.fr\/\" target=\"_blank\" rel=\"noreferrer noopener\">https:\/\/le-blog-du-bol.fr<\/a>, mais aussi des syst\u00e8mes de statistiques de&nbsp;Blog du Bol-&nbsp;<a href=\"https:\/\/le-blog-du-bol.fr\/\" target=\"_blank\" rel=\"noreferrer noopener\">https:\/\/le-blog-du-bol.fr<\/a>&nbsp;ou de tous autres services propos\u00e9s sur le blog&nbsp;Blog du Bol-&nbsp;<a href=\"https:\/\/le-blog-du-bol.fr\/\" target=\"_blank\" rel=\"noreferrer noopener\">https:\/\/le-blog-du-bol.fr<\/a>.<br>Vous avez la possibilit\u00e9 de supprimer les cookies install\u00e9s lors de votre visite sur le blog&nbsp;Blog du Bol-&nbsp;<a href=\"https:\/\/le-blog-du-bol.fr\/\" target=\"_blank\" rel=\"noreferrer noopener\">https:\/\/le-blog-du-bol.fr<\/a>, \u00e0 l&rsquo;aide de la barre d&rsquo;outils de votre navigateur. La suppression des cookies devra intervenir une fois votre navigation sur le blog NBlog du Bol-&nbsp;<a href=\"https:\/\/le-blog-du-bol.fr\/\" target=\"_blank\" rel=\"noreferrer noopener\">https:\/\/le-blog-du-bol.fr<\/a>&nbsp;termin\u00e9e. A d\u00e9faut, vous \u00eates inform\u00e9 du fait que l&rsquo;usage du blog&nbsp;Blog du Bol-&nbsp;<a href=\"https:\/\/le-blog-du-bol.fr\/\" target=\"_blank\" rel=\"noreferrer noopener\">https:\/\/le-blog-du-bol.fr<\/a>, ainsi que les services qui y sont propos\u00e9s, pourraient \u00eatre perturb\u00e9s, voire emp\u00each\u00e9s.<\/p>\n\n\n\n<p><strong>Cr\u00e9dits et copyright photos<\/strong><\/p>\n\n\n\n<p>Les cr\u00e9dits et copyright des visuels et des photos pr\u00e9sents sur le blog NBlog du Bol-&nbsp;<a href=\"https:\/\/le-blog-du-bol.fr\/\" target=\"_blank\" rel=\"noreferrer noopener\">https:\/\/le-blog-du-bol.fr<\/a>&nbsp;sont signal\u00e9s dans les articles lorsqu&rsquo;elles proviennent d&rsquo;un professionnel avec son accord, \u00e0 d\u00e9faut&nbsp;celles-ci proviennent de l&rsquo;un des sites de photos libres de droit en cr\u00e9ative commons.<\/p>\n\n\n\n<p><strong>Litiges<\/strong><\/p>\n\n\n\n<p>En cas de persistance d&rsquo;un litige malgr\u00e9 une r\u00e9clamation \u00e9crite amiable pr\u00e9alable directement adress\u00e9e au vendeur, le consommateur peut saisir le m\u00e9diateur CM2C<\/p>\n\n\n\n<p>CM2C , m\u00e9diateur de la consommation<br>Adresse postale : 14 rue St Jean, 75017 Paris<br>Adresse email :&nbsp;<a href=\"mailto:contact@cm2c.net\">contact@cm2c.net<\/a><br>Site Internet :&nbsp;<a href=\"http:\/\/cm2c.net\/\" target=\"_blank\" rel=\"noreferrer noopener\">cm2c.net<\/a><\/p>\n\n\n\n<p><\/p>\n<p><a href=\"\/\/www.pinterest.com\/pin\/create\/button\/\" data-pin-do=\"buttonBookmark\" data-pin-color=\"red\" data-pin-height=\"128\"><img decoding=\"async\" src=\"\/\/assets.pinterest.com\/images\/pidgets\/pinit_fg_en_rect_red_28.png\" \/><\/a><\/p>","protected":false},"excerpt":{"rendered":"<p>Propri\u00e9t\u00e9 intellectuelle : La structure g\u00e9n\u00e9rale ainsi que les logiciels, textes, images anim\u00e9es ou non, son savoir-faire et tous les autres \u00e9l\u00e9ments composant le site sont la propri\u00e9t\u00e9 exclusive du Blog du Bol-&nbsp;https:\/\/le-blog-du-bol.fr.Les logos et marques des soci\u00e9t\u00e9s cit\u00e9es sur le&nbsp;du Blog du Bol-&nbsp;https:\/\/le-blog-du-bol.fr&nbsp;sont la propri\u00e9t\u00e9 exclusive de leurs auteurs respectifs.Toute repr\u00e9sentation, reproduction, et\/ou exploitation, qu&rsquo;elle(s) soi(en)t partielle(s) ou totale(s), des marques pr\u00e9cit\u00e9es est (sont) interdite(s), sauf accord \u00e9crit et pr\u00e9alable de leurs titulaires. Droits d&rsquo;auteur :Toute repr\u00e9sentation totale ou partielle de ce blog par quelque personne que ce soit, sans l&rsquo;autorisation expresse de le Blog du Bol&nbsp; est interdite et constituerait une contrefa\u00e7on sanctionn\u00e9e par les articles L. 335-2 et suivants du Code de la propri\u00e9t\u00e9 intellectuelle.L&rsquo;\u00e9laboration de liens hypertextes profonds vers le blog&nbsp;le Blog du Bol&nbsp;&nbsp;est interdite sans l&rsquo;accord expr\u00e8s et pr\u00e9alable de l&rsquo;\u00e9diteur du site&nbsp;le Blog du Bol&nbsp;.Par ailleurs, l&rsquo;utilisation des informations contenues sur le pr\u00e9sent blog rel\u00e8ve de la seule responsabilit\u00e9 de l&rsquo;utilisateur. Nous ne pourrions en aucun cas, et pour quelque cause que ce soit, en \u00eatre tenus pour responsables, et ce, quelque en soit les cons\u00e9quences. Nous ne sommes responsables d&rsquo;aucune erreur ou omission sur le pr\u00e9sent site. Avertissement g\u00e9n\u00e9ral :La consultation du&nbsp;Blog du Bol-&nbsp;https:\/\/le-blog-du-bol.fr&nbsp;est propos\u00e9e aux internautes \u00e0 titre gratuit et sans aucune garantie de la part de son \u00e9diteur.Les informations disponibles sur le&nbsp;Blog du Bol-&nbsp;https:\/\/le-blog-du-bol.fr&nbsp;qui proviennent de sources ext\u00e9rieures ne saurait garantir qu&rsquo;elles sont exemptes d&rsquo;erreurs, ni garantir leur compl\u00e9tude, leur actualit\u00e9, leur exhaustivit\u00e9 ou autre.En cons\u00e9quence, il appartient \u00e0 l&rsquo;internaute d&rsquo;utiliser les informations figurant sur le site Internet \u00e0 ses risques et de proc\u00e9der \u00e0 toute v\u00e9rification sous sa responsabilit\u00e9 exclusive.le Blog du Bol-&nbsp;https:\/\/le-blog-du-bol.fr&nbsp;ne serait \u00eatre tenu responsable de l&rsquo;interpr\u00e9tation faite par les internautes, quelle qu&rsquo;elle soit, de tous les renseignements, informations et conseils propos\u00e9s sur son blog, et des cons\u00e9quences pouvant en d\u00e9couler.Les propri\u00e9taires des sites marchands, de service, sites persos, sites informatiques (etc.) consult\u00e9s \u00e0 partir du blog&nbsp;Blog du Bol-&nbsp;https:\/\/le-blog-du-bol.fr&nbsp;sont seuls responsables du respect par eux de l&rsquo;ensemble des r\u00e9glementations s&rsquo;appliquant dans le cadre des prestations offertes aux clients finaux, et notamment, des lois et r\u00e8glements relatifs \u00e0 :\u2013 La vente \u00e0 distance,\u2013 La protection du consommateur,\u2013 La publicit\u00e9 mensong\u00e8re ou trompeuse,\u2013 Les prix,\u2013 La conformit\u00e9 des produits.\u2013 Toutes les marques cit\u00e9es sont d\u00e9pos\u00e9es par leurs propri\u00e9taires respectifs. Utilisation de Cookies :Le Blog du Bol-&nbsp;https:\/\/le-blog-du-bol.fr&nbsp;vous informe qu&rsquo;un ou plusieurs cookies (petits fichiers textes) peuvent s&rsquo;installer automatiquement sur le disque dur de votre ordinateur lors de votre visite sur le&nbsp;Blog du Bol-&nbsp;https:\/\/le-blog-du-bol.fr. Ces cookies peuvent provenir des partenaires de&nbsp;Blog du Bol-&nbsp;https:\/\/le-blog-du-bol.fr, mais aussi des syst\u00e8mes de statistiques de&nbsp;Blog du Bol-&nbsp;https:\/\/le-blog-du-bol.fr&nbsp;ou de tous autres services propos\u00e9s sur le blog&nbsp;Blog du Bol-&nbsp;https:\/\/le-blog-du-bol.fr.Vous avez la possibilit\u00e9 de supprimer les cookies install\u00e9s lors de votre visite sur le blog&nbsp;Blog du Bol-&nbsp;https:\/\/le-blog-du-bol.fr, \u00e0 l&rsquo;aide de la barre d&rsquo;outils de votre navigateur. La suppression des cookies devra intervenir une fois votre navigation sur le blog NBlog du Bol-&nbsp;https:\/\/le-blog-du-bol.fr&nbsp;termin\u00e9e. A d\u00e9faut, vous \u00eates inform\u00e9 du fait que l&rsquo;usage du blog&nbsp;Blog du Bol-&nbsp;https:\/\/le-blog-du-bol.fr, ainsi que les services qui y sont propos\u00e9s, pourraient \u00eatre perturb\u00e9s, voire emp\u00each\u00e9s. Cr\u00e9dits et copyright photos Les cr\u00e9dits et copyright des visuels et des photos pr\u00e9sents sur le blog NBlog du Bol-&nbsp;https:\/\/le-blog-du-bol.fr&nbsp;sont signal\u00e9s dans les articles lorsqu&rsquo;elles proviennent d&rsquo;un professionnel avec son accord, \u00e0 d\u00e9faut&nbsp;celles-ci proviennent de l&rsquo;un des sites de photos libres de droit en cr\u00e9ative commons. Litiges En cas de persistance d&rsquo;un litige malgr\u00e9 une r\u00e9clamation \u00e9crite amiable pr\u00e9alable directement adress\u00e9e au vendeur, le consommateur peut saisir le m\u00e9diateur CM2C CM2C , m\u00e9diateur de la consommationAdresse postale : 14 rue St Jean, 75017 ParisAdresse email :&nbsp;contact@cm2c.netSite Internet :&nbsp;cm2c.net<\/p>\n","protected":false},"author":4,"featured_media":0,"parent":0,"menu_order":0,"comment_status":"closed","ping_status":"closed","template":"","meta":{"_uag_custom_page_level_css":"","_lmt_disableupdate":"","_lmt_disable":"","footnotes":""},"class_list":["post-11923","page","type-page","status-publish","hentry"],"yoast_head":"<!-- This site is optimized with the Yoast SEO plugin v26.8 - https:\/\/yoast.com\/product\/yoast-seo-wordpress\/ -->\n<title>PROTECTION DES DONNEES &#8211; LE BLOG DU BOL<\/title>\n<meta name=\"description\" content=\"R\u00e9sultats de votre recherche sur le Blog du Bol. Explorez les articles, tutoriels et guides li\u00e9s \u00e0 la poterie correspondant \u00e0 votre requ\u00eate. Trouvez ce que vous cherchez!\" \/>\n<meta name=\"robots\" content=\"index, follow, max-snippet:-1, max-image-preview:large, max-video-preview:-1\" \/>\n<link rel=\"canonical\" href=\"https:\/\/le-bol.fr\/blog\/protection-des-donnees\/\" \/>\n<meta property=\"og:locale\" content=\"fr_FR\" \/>\n<meta property=\"og:type\" content=\"article\" \/>\n<meta property=\"og:title\" content=\"PROTECTION DES DONNEES &#8211; LE BLOG DU BOL\" \/>\n<meta property=\"og:description\" content=\"R\u00e9sultats de votre recherche sur le Blog du Bol. Explorez les articles, tutoriels et guides li\u00e9s \u00e0 la poterie correspondant \u00e0 votre requ\u00eate. Trouvez ce que vous cherchez!\" \/>\n<meta property=\"og:url\" content=\"https:\/\/le-bol.fr\/blog\/protection-des-donnees\/\" \/>\n<meta property=\"og:site_name\" content=\"LE BLOG DU BOL\" \/>\n<meta property=\"article:modified_time\" content=\"2023-08-11T07:55:10+00:00\" \/>\n<meta property=\"og:image\" content=\"https:\/\/le-bol.fr\/blog\/wp-content\/uploads\/2023\/08\/logo-lebol.png\" \/>\n\t<meta property=\"og:image:width\" content=\"1067\" \/>\n\t<meta property=\"og:image:height\" content=\"1071\" \/>\n\t<meta property=\"og:image:type\" content=\"image\/png\" \/>\n<meta name=\"twitter:card\" content=\"summary_large_image\" \/>\n<meta name=\"twitter:label1\" content=\"Dur\u00e9e de lecture estim\u00e9e\" \/>\n\t<meta name=\"twitter:data1\" content=\"4 minutes\" \/>\n<script type=\"application\/ld+json\" class=\"yoast-schema-graph\">{\"@context\":\"https:\/\/schema.org\",\"@graph\":[{\"@type\":\"WebPage\",\"@id\":\"https:\/\/le-bol.fr\/blog\/protection-des-donnees\/\",\"url\":\"https:\/\/le-bol.fr\/blog\/protection-des-donnees\/\",\"name\":\"PROTECTION DES DONNEES &#8211; LE BLOG DU BOL\",\"isPartOf\":{\"@id\":\"https:\/\/le-bol.fr\/blog\/#website\"},\"datePublished\":\"2023-08-11T07:55:08+00:00\",\"dateModified\":\"2023-08-11T07:55:10+00:00\",\"description\":\"R\u00e9sultats de votre recherche sur le Blog du Bol. Explorez les articles, tutoriels et guides li\u00e9s \u00e0 la poterie correspondant \u00e0 votre requ\u00eate. Trouvez ce que vous cherchez!\",\"breadcrumb\":{\"@id\":\"https:\/\/le-bol.fr\/blog\/protection-des-donnees\/#breadcrumb\"},\"inLanguage\":\"fr-FR\",\"potentialAction\":[{\"@type\":\"ReadAction\",\"target\":[\"https:\/\/le-bol.fr\/blog\/protection-des-donnees\/\"]}]},{\"@type\":\"BreadcrumbList\",\"@id\":\"https:\/\/le-bol.fr\/blog\/protection-des-donnees\/#breadcrumb\",\"itemListElement\":[{\"@type\":\"ListItem\",\"position\":1,\"name\":\"Accueil\",\"item\":\"https:\/\/le-bol.fr\/blog\/\"},{\"@type\":\"ListItem\",\"position\":2,\"name\":\"PROTECTION DES DONNEES\"}]},{\"@type\":\"WebSite\",\"@id\":\"https:\/\/le-bol.fr\/blog\/#website\",\"url\":\"https:\/\/le-bol.fr\/blog\/\",\"name\":\"LE BLOG DU BOL\",\"description\":\"Donne vie \u00e0 la terre\",\"publisher\":{\"@id\":\"https:\/\/le-bol.fr\/blog\/#\/schema\/person\/cec6a4af61408f0dc6d97d58e0334d9b\"},\"potentialAction\":[{\"@type\":\"SearchAction\",\"target\":{\"@type\":\"EntryPoint\",\"urlTemplate\":\"https:\/\/le-bol.fr\/blog\/?s={search_term_string}\"},\"query-input\":{\"@type\":\"PropertyValueSpecification\",\"valueRequired\":true,\"valueName\":\"search_term_string\"}}],\"inLanguage\":\"fr-FR\"},{\"@type\":[\"Person\",\"Organization\"],\"@id\":\"https:\/\/le-bol.fr\/blog\/#\/schema\/person\/cec6a4af61408f0dc6d97d58e0334d9b\",\"name\":\"Sarah\",\"image\":{\"@type\":\"ImageObject\",\"inLanguage\":\"fr-FR\",\"@id\":\"https:\/\/le-bol.fr\/blog\/#\/schema\/person\/image\/\",\"url\":\"https:\/\/le-bol.fr\/blog\/wp-content\/uploads\/2023\/08\/logo-lebol.png\",\"contentUrl\":\"https:\/\/le-bol.fr\/blog\/wp-content\/uploads\/2023\/08\/logo-lebol.png\",\"width\":1067,\"height\":1071,\"caption\":\"Sarah\"},\"logo\":{\"@id\":\"https:\/\/le-bol.fr\/blog\/#\/schema\/person\/image\/\"},\"description\":\"Passionn\u00e9e du tournage de poterie, je me suis donn\u00e9 un objectif : vivre de ma passion! Ce blog a pour but de partager avec vous mes recherches, mes r\u00e9alisations, mes \u00e9checs et mes r\u00e9ussites. Bienvenue!\",\"sameAs\":[\"https:\/\/le-bol.fr\/blog\/\"]}]}<\/script>\n<!-- \/ Yoast SEO plugin. -->","yoast_head_json":{"title":"PROTECTION DES DONNEES &#8211; LE BLOG DU BOL","description":"R\u00e9sultats de votre recherche sur le Blog du Bol. Explorez les articles, tutoriels et guides li\u00e9s \u00e0 la poterie correspondant \u00e0 votre requ\u00eate. Trouvez ce que vous cherchez!","robots":{"index":"index","follow":"follow","max-snippet":"max-snippet:-1","max-image-preview":"max-image-preview:large","max-video-preview":"max-video-preview:-1"},"canonical":"https:\/\/le-bol.fr\/blog\/protection-des-donnees\/","og_locale":"fr_FR","og_type":"article","og_title":"PROTECTION DES DONNEES &#8211; LE BLOG DU BOL","og_description":"R\u00e9sultats de votre recherche sur le Blog du Bol. Explorez les articles, tutoriels et guides li\u00e9s \u00e0 la poterie correspondant \u00e0 votre requ\u00eate. Trouvez ce que vous cherchez!","og_url":"https:\/\/le-bol.fr\/blog\/protection-des-donnees\/","og_site_name":"LE BLOG DU BOL","article_modified_time":"2023-08-11T07:55:10+00:00","og_image":[{"width":1067,"height":1071,"url":"https:\/\/le-bol.fr\/blog\/wp-content\/uploads\/2023\/08\/logo-lebol.png","type":"image\/png"}],"twitter_card":"summary_large_image","twitter_misc":{"Dur\u00e9e de lecture estim\u00e9e":"4 minutes"},"schema":{"@context":"https:\/\/schema.org","@graph":[{"@type":"WebPage","@id":"https:\/\/le-bol.fr\/blog\/protection-des-donnees\/","url":"https:\/\/le-bol.fr\/blog\/protection-des-donnees\/","name":"PROTECTION DES DONNEES &#8211; LE BLOG DU BOL","isPartOf":{"@id":"https:\/\/le-bol.fr\/blog\/#website"},"datePublished":"2023-08-11T07:55:08+00:00","dateModified":"2023-08-11T07:55:10+00:00","description":"R\u00e9sultats de votre recherche sur le Blog du Bol. Explorez les articles, tutoriels et guides li\u00e9s \u00e0 la poterie correspondant \u00e0 votre requ\u00eate. Trouvez ce que vous cherchez!","breadcrumb":{"@id":"https:\/\/le-bol.fr\/blog\/protection-des-donnees\/#breadcrumb"},"inLanguage":"fr-FR","potentialAction":[{"@type":"ReadAction","target":["https:\/\/le-bol.fr\/blog\/protection-des-donnees\/"]}]},{"@type":"BreadcrumbList","@id":"https:\/\/le-bol.fr\/blog\/protection-des-donnees\/#breadcrumb","itemListElement":[{"@type":"ListItem","position":1,"name":"Accueil","item":"https:\/\/le-bol.fr\/blog\/"},{"@type":"ListItem","position":2,"name":"PROTECTION DES DONNEES"}]},{"@type":"WebSite","@id":"https:\/\/le-bol.fr\/blog\/#website","url":"https:\/\/le-bol.fr\/blog\/","name":"LE BLOG DU BOL","description":"Donne vie \u00e0 la terre","publisher":{"@id":"https:\/\/le-bol.fr\/blog\/#\/schema\/person\/cec6a4af61408f0dc6d97d58e0334d9b"},"potentialAction":[{"@type":"SearchAction","target":{"@type":"EntryPoint","urlTemplate":"https:\/\/le-bol.fr\/blog\/?s={search_term_string}"},"query-input":{"@type":"PropertyValueSpecification","valueRequired":true,"valueName":"search_term_string"}}],"inLanguage":"fr-FR"},{"@type":["Person","Organization"],"@id":"https:\/\/le-bol.fr\/blog\/#\/schema\/person\/cec6a4af61408f0dc6d97d58e0334d9b","name":"Sarah","image":{"@type":"ImageObject","inLanguage":"fr-FR","@id":"https:\/\/le-bol.fr\/blog\/#\/schema\/person\/image\/","url":"https:\/\/le-bol.fr\/blog\/wp-content\/uploads\/2023\/08\/logo-lebol.png","contentUrl":"https:\/\/le-bol.fr\/blog\/wp-content\/uploads\/2023\/08\/logo-lebol.png","width":1067,"height":1071,"caption":"Sarah"},"logo":{"@id":"https:\/\/le-bol.fr\/blog\/#\/schema\/person\/image\/"},"description":"Passionn\u00e9e du tournage de poterie, je me suis donn\u00e9 un objectif : vivre de ma passion! Ce blog a pour but de partager avec vous mes recherches, mes r\u00e9alisations, mes \u00e9checs et mes r\u00e9ussites. Bienvenue!","sameAs":["https:\/\/le-bol.fr\/blog\/"]}]}},"uagb_featured_image_src":{"full":false,"thumbnail":false,"medium":false,"medium_large":false,"large":false,"1536x1536":false,"2048x2048":false},"uagb_author_info":{"display_name":"marc","author_link":"https:\/\/le-bol.fr\/blog\/author\/marc\/"},"uagb_comment_info":0,"uagb_excerpt":"Propri\u00e9t\u00e9 intellectuelle : La structure g\u00e9n\u00e9rale ainsi que les logiciels, textes, images anim\u00e9es ou non, son savoir-faire et tous les autres \u00e9l\u00e9ments composant le site sont la propri\u00e9t\u00e9 exclusive du Blog du Bol-&nbsp;https:\/\/le-blog-du-bol.fr.Les logos et marques des soci\u00e9t\u00e9s cit\u00e9es sur le&nbsp;du Blog du Bol-&nbsp;https:\/\/le-blog-du-bol.fr&nbsp;sont la propri\u00e9t\u00e9 exclusive de leurs auteurs respectifs.Toute repr\u00e9sentation, reproduction, et\/ou exploitation,\u2026","acf":[],"_links":{"self":[{"href":"https:\/\/le-bol.fr\/blog\/wp-json\/wp\/v2\/pages\/11923","targetHints":{"allow":["GET"]}}],"collection":[{"href":"https:\/\/le-bol.fr\/blog\/wp-json\/wp\/v2\/pages"}],"about":[{"href":"https:\/\/le-bol.fr\/blog\/wp-json\/wp\/v2\/types\/page"}],"author":[{"embeddable":true,"href":"https:\/\/le-bol.fr\/blog\/wp-json\/wp\/v2\/users\/4"}],"replies":[{"embeddable":true,"href":"https:\/\/le-bol.fr\/blog\/wp-json\/wp\/v2\/comments?post=11923"}],"version-history":[{"count":1,"href":"https:\/\/le-bol.fr\/blog\/wp-json\/wp\/v2\/pages\/11923\/revisions"}],"predecessor-version":[{"id":11924,"href":"https:\/\/le-bol.fr\/blog\/wp-json\/wp\/v2\/pages\/11923\/revisions\/11924"}],"wp:attachment":[{"href":"https:\/\/le-bol.fr\/blog\/wp-json\/wp\/v2\/media?parent=11923"}],"curies":[{"name":"wp","href":"https:\/\/api.w.org\/{rel}","templated":true}]}}