{"id":11920,"date":"2023-08-11T07:52:48","date_gmt":"2023-08-11T07:52:48","guid":{"rendered":"https:\/\/www.le-blog-du-bol.fr\/?page_id=11920"},"modified":"2023-08-11T08:34:56","modified_gmt":"2023-08-11T08:34:56","slug":"mentions-legales","status":"publish","type":"page","link":"https:\/\/le-bol.fr\/blog\/mentions-legales\/","title":{"rendered":"Mentions l\u00e9gales"},"content":{"rendered":"\n<p><strong>1. Informations l\u00e9gales :<\/strong> Le site web www.le-blog-du-bol.fr (ci-apr\u00e8s \u00ab\u00a0le Site\u00a0\u00bb) est \u00e9dit\u00e9 par LE BOL &#8211; JPSC.<\/p>\n\n\n\n<p>N\u00b0 Siret : 827 602 863 00017 Si\u00e8ge social : 10, chemin de Plaisance, 47310 S\u00e9rignac sur Garonne, France Email de contact : <a href=\"mailto:info@le-bol.fr\">info@le-bol.fr<\/a><\/p>\n\n\n\n<p><strong>2. Directeur de publication :<\/strong> Madame CAMBOT Sarah<\/p>\n\n\n\n<p><strong>3. Co-directeur de publication :<\/strong> Monsieur PELOS Julien<\/p>\n\n\n\n<p><strong>4. H\u00e9bergement :<\/strong> Le Site est h\u00e9berg\u00e9 par Digital Ocean.<\/p>\n\n\n\n<p><strong>5. Propri\u00e9t\u00e9 intellectuelle :<\/strong> L&rsquo;ensemble des contenus pr\u00e9sents sur le Site, incluant mais sans s&rsquo;y limiter, les graphiques, images, textes, vid\u00e9os, animations, sons, logos, gifs et ic\u00f4nes ainsi que leur mise en forme, sont la propri\u00e9t\u00e9 exclusive de LE BOL &#8211; JPSC \u00e0 l&rsquo;exception des marques, logos ou contenus appartenant \u00e0 d&rsquo;autres soci\u00e9t\u00e9s partenaires ou auteurs.<\/p>\n\n\n\n<p>Toute reproduction, distribution, modification, adaptation, retransmission ou publication, m\u00eame partielle, de ces \u00e9l\u00e9ments est strictement interdite sans l&rsquo;accord expr\u00e8s par \u00e9crit de LE BOL &#8211; JPSC.<\/p>\n\n\n\n<p><strong>6. Limitation de responsabilit\u00e9 :<\/strong> LE BOL &#8211; JPSC ne saurait \u00eatre tenu responsable des erreurs ou omissions pr\u00e9sentes dans le contenu du Site, ni de l&rsquo;utilisation et de l&rsquo;interpr\u00e9tation de l&rsquo;information contenue sur ce Site.<\/p>\n\n\n\n<p><strong>7. Protection des donn\u00e9es :<\/strong> Pour plus d&rsquo;informations sur la collecte, l&rsquo;utilisation et la protection de vos donn\u00e9es personnelles, veuillez consulter notre Politique de confidentialit\u00e9.<\/p>\n\n\n\n<p><strong>8. Liens hypertextes :<\/strong> Le Site peut contenir des liens vers d&rsquo;autres sites web. LE BOL &#8211; JPSC n&rsquo;est pas responsable des contenus des sites externes li\u00e9s \u00e0 son Site.<\/p>\n\n\n\n<p><strong>9. Mise \u00e0 jour des mentions l\u00e9gales :<\/strong> Ces mentions l\u00e9gales peuvent \u00eatre modifi\u00e9es \u00e0 tout moment, sans pr\u00e9avis. Les utilisateurs du Site sont invit\u00e9s \u00e0 les consulter r\u00e9guli\u00e8rement.<\/p>\n<p><a href=\"\/\/www.pinterest.com\/pin\/create\/button\/\" data-pin-do=\"buttonBookmark\" data-pin-color=\"red\" data-pin-height=\"128\"><img decoding=\"async\" src=\"\/\/assets.pinterest.com\/images\/pidgets\/pinit_fg_en_rect_red_28.png\" \/><\/a><\/p>","protected":false},"excerpt":{"rendered":"<p>1. Informations l\u00e9gales : Le site web www.le-blog-du-bol.fr (ci-apr\u00e8s \u00ab\u00a0le Site\u00a0\u00bb) est \u00e9dit\u00e9 par LE BOL &#8211; JPSC. N\u00b0 Siret : 827 602 863 00017 Si\u00e8ge social : 10, chemin de Plaisance, 47310 S\u00e9rignac sur Garonne, France Email de contact : info@le-bol.fr 2. Directeur de publication : Madame CAMBOT Sarah 3. Co-directeur de publication : Monsieur PELOS Julien 4. H\u00e9bergement : Le Site est h\u00e9berg\u00e9 par Digital Ocean. 5. Propri\u00e9t\u00e9 intellectuelle : L&rsquo;ensemble des contenus pr\u00e9sents sur le Site, incluant mais sans s&rsquo;y limiter, les graphiques, images, textes, vid\u00e9os, animations, sons, logos, gifs et ic\u00f4nes ainsi que leur mise en forme, sont la propri\u00e9t\u00e9 exclusive de LE BOL &#8211; JPSC \u00e0 l&rsquo;exception des marques, logos ou contenus appartenant \u00e0 d&rsquo;autres soci\u00e9t\u00e9s partenaires ou auteurs. Toute reproduction, distribution, modification, adaptation, retransmission ou publication, m\u00eame partielle, de ces \u00e9l\u00e9ments est strictement interdite sans l&rsquo;accord expr\u00e8s par \u00e9crit de LE BOL &#8211; JPSC. 6. Limitation de responsabilit\u00e9 : LE BOL &#8211; JPSC ne saurait \u00eatre tenu responsable des erreurs ou omissions pr\u00e9sentes dans le contenu du Site, ni de l&rsquo;utilisation et de l&rsquo;interpr\u00e9tation de l&rsquo;information contenue sur ce Site. 7. Protection des donn\u00e9es : Pour plus d&rsquo;informations sur la collecte, l&rsquo;utilisation et la protection de vos donn\u00e9es personnelles, veuillez consulter notre Politique de confidentialit\u00e9. 8. Liens hypertextes : Le Site peut contenir des liens vers d&rsquo;autres sites web. LE BOL &#8211; JPSC n&rsquo;est pas responsable des contenus des sites externes li\u00e9s \u00e0 son Site. 9. Mise \u00e0 jour des mentions l\u00e9gales : Ces mentions l\u00e9gales peuvent \u00eatre modifi\u00e9es \u00e0 tout moment, sans pr\u00e9avis. Les utilisateurs du Site sont invit\u00e9s \u00e0 les consulter r\u00e9guli\u00e8rement.<\/p>\n","protected":false},"author":4,"featured_media":0,"parent":0,"menu_order":0,"comment_status":"closed","ping_status":"closed","template":"","meta":{"_uag_custom_page_level_css":"","_lmt_disableupdate":"","_lmt_disable":"","footnotes":""},"class_list":["post-11920","page","type-page","status-publish","hentry"],"yoast_head":"<!-- This site is optimized with the Yoast SEO plugin v26.8 - https:\/\/yoast.com\/product\/yoast-seo-wordpress\/ -->\n<title>Mentions l\u00e9gales &#8211; LE BLOG DU BOL<\/title>\n<meta name=\"description\" content=\"R\u00e9sultats de votre recherche sur le Blog du Bol. Explorez les articles, tutoriels et guides li\u00e9s \u00e0 la poterie correspondant \u00e0 votre requ\u00eate. Trouvez ce que vous cherchez!\" \/>\n<meta name=\"robots\" content=\"index, follow, max-snippet:-1, max-image-preview:large, max-video-preview:-1\" \/>\n<link rel=\"canonical\" href=\"https:\/\/le-bol.fr\/blog\/mentions-legales\/\" \/>\n<meta property=\"og:locale\" content=\"fr_FR\" \/>\n<meta property=\"og:type\" content=\"article\" \/>\n<meta property=\"og:title\" content=\"Mentions l\u00e9gales &#8211; LE BLOG DU BOL\" \/>\n<meta property=\"og:description\" content=\"R\u00e9sultats de votre recherche sur le Blog du Bol. Explorez les articles, tutoriels et guides li\u00e9s \u00e0 la poterie correspondant \u00e0 votre requ\u00eate. Trouvez ce que vous cherchez!\" \/>\n<meta property=\"og:url\" content=\"https:\/\/le-bol.fr\/blog\/mentions-legales\/\" \/>\n<meta property=\"og:site_name\" content=\"LE BLOG DU BOL\" \/>\n<meta property=\"article:modified_time\" content=\"2023-08-11T08:34:56+00:00\" \/>\n<meta property=\"og:image\" content=\"https:\/\/le-bol.fr\/blog\/wp-content\/uploads\/2023\/08\/logo-lebol.png\" \/>\n\t<meta property=\"og:image:width\" content=\"1067\" \/>\n\t<meta property=\"og:image:height\" content=\"1071\" \/>\n\t<meta property=\"og:image:type\" content=\"image\/png\" \/>\n<meta name=\"twitter:card\" content=\"summary_large_image\" \/>\n<meta name=\"twitter:label1\" content=\"Dur\u00e9e de lecture estim\u00e9e\" \/>\n\t<meta name=\"twitter:data1\" content=\"2 minutes\" \/>\n<script type=\"application\/ld+json\" class=\"yoast-schema-graph\">{\"@context\":\"https:\/\/schema.org\",\"@graph\":[{\"@type\":\"WebPage\",\"@id\":\"https:\/\/le-bol.fr\/blog\/mentions-legales\/\",\"url\":\"https:\/\/le-bol.fr\/blog\/mentions-legales\/\",\"name\":\"Mentions l\u00e9gales &#8211; LE BLOG DU BOL\",\"isPartOf\":{\"@id\":\"https:\/\/le-bol.fr\/blog\/#website\"},\"datePublished\":\"2023-08-11T07:52:48+00:00\",\"dateModified\":\"2023-08-11T08:34:56+00:00\",\"description\":\"R\u00e9sultats de votre recherche sur le Blog du Bol. Explorez les articles, tutoriels et guides li\u00e9s \u00e0 la poterie correspondant \u00e0 votre requ\u00eate. Trouvez ce que vous cherchez!\",\"breadcrumb\":{\"@id\":\"https:\/\/le-bol.fr\/blog\/mentions-legales\/#breadcrumb\"},\"inLanguage\":\"fr-FR\",\"potentialAction\":[{\"@type\":\"ReadAction\",\"target\":[\"https:\/\/le-bol.fr\/blog\/mentions-legales\/\"]}]},{\"@type\":\"BreadcrumbList\",\"@id\":\"https:\/\/le-bol.fr\/blog\/mentions-legales\/#breadcrumb\",\"itemListElement\":[{\"@type\":\"ListItem\",\"position\":1,\"name\":\"Accueil\",\"item\":\"https:\/\/le-bol.fr\/blog\/\"},{\"@type\":\"ListItem\",\"position\":2,\"name\":\"Mentions l\u00e9gales\"}]},{\"@type\":\"WebSite\",\"@id\":\"https:\/\/le-bol.fr\/blog\/#website\",\"url\":\"https:\/\/le-bol.fr\/blog\/\",\"name\":\"LE BLOG DU BOL\",\"description\":\"Donne vie \u00e0 la terre\",\"publisher\":{\"@id\":\"https:\/\/le-bol.fr\/blog\/#\/schema\/person\/cec6a4af61408f0dc6d97d58e0334d9b\"},\"potentialAction\":[{\"@type\":\"SearchAction\",\"target\":{\"@type\":\"EntryPoint\",\"urlTemplate\":\"https:\/\/le-bol.fr\/blog\/?s={search_term_string}\"},\"query-input\":{\"@type\":\"PropertyValueSpecification\",\"valueRequired\":true,\"valueName\":\"search_term_string\"}}],\"inLanguage\":\"fr-FR\"},{\"@type\":[\"Person\",\"Organization\"],\"@id\":\"https:\/\/le-bol.fr\/blog\/#\/schema\/person\/cec6a4af61408f0dc6d97d58e0334d9b\",\"name\":\"Sarah\",\"image\":{\"@type\":\"ImageObject\",\"inLanguage\":\"fr-FR\",\"@id\":\"https:\/\/le-bol.fr\/blog\/#\/schema\/person\/image\/\",\"url\":\"https:\/\/le-bol.fr\/blog\/wp-content\/uploads\/2023\/08\/logo-lebol.png\",\"contentUrl\":\"https:\/\/le-bol.fr\/blog\/wp-content\/uploads\/2023\/08\/logo-lebol.png\",\"width\":1067,\"height\":1071,\"caption\":\"Sarah\"},\"logo\":{\"@id\":\"https:\/\/le-bol.fr\/blog\/#\/schema\/person\/image\/\"},\"description\":\"Passionn\u00e9e du tournage de poterie, je me suis donn\u00e9 un objectif : vivre de ma passion! Ce blog a pour but de partager avec vous mes recherches, mes r\u00e9alisations, mes \u00e9checs et mes r\u00e9ussites. Bienvenue!\",\"sameAs\":[\"https:\/\/le-bol.fr\/blog\/\"]}]}<\/script>\n<!-- \/ Yoast SEO plugin. -->","yoast_head_json":{"title":"Mentions l\u00e9gales &#8211; LE BLOG DU BOL","description":"R\u00e9sultats de votre recherche sur le Blog du Bol. Explorez les articles, tutoriels et guides li\u00e9s \u00e0 la poterie correspondant \u00e0 votre requ\u00eate. Trouvez ce que vous cherchez!","robots":{"index":"index","follow":"follow","max-snippet":"max-snippet:-1","max-image-preview":"max-image-preview:large","max-video-preview":"max-video-preview:-1"},"canonical":"https:\/\/le-bol.fr\/blog\/mentions-legales\/","og_locale":"fr_FR","og_type":"article","og_title":"Mentions l\u00e9gales &#8211; LE BLOG DU BOL","og_description":"R\u00e9sultats de votre recherche sur le Blog du Bol. Explorez les articles, tutoriels et guides li\u00e9s \u00e0 la poterie correspondant \u00e0 votre requ\u00eate. Trouvez ce que vous cherchez!","og_url":"https:\/\/le-bol.fr\/blog\/mentions-legales\/","og_site_name":"LE BLOG DU BOL","article_modified_time":"2023-08-11T08:34:56+00:00","og_image":[{"width":1067,"height":1071,"url":"https:\/\/le-bol.fr\/blog\/wp-content\/uploads\/2023\/08\/logo-lebol.png","type":"image\/png"}],"twitter_card":"summary_large_image","twitter_misc":{"Dur\u00e9e de lecture estim\u00e9e":"2 minutes"},"schema":{"@context":"https:\/\/schema.org","@graph":[{"@type":"WebPage","@id":"https:\/\/le-bol.fr\/blog\/mentions-legales\/","url":"https:\/\/le-bol.fr\/blog\/mentions-legales\/","name":"Mentions l\u00e9gales &#8211; LE BLOG DU BOL","isPartOf":{"@id":"https:\/\/le-bol.fr\/blog\/#website"},"datePublished":"2023-08-11T07:52:48+00:00","dateModified":"2023-08-11T08:34:56+00:00","description":"R\u00e9sultats de votre recherche sur le Blog du Bol. Explorez les articles, tutoriels et guides li\u00e9s \u00e0 la poterie correspondant \u00e0 votre requ\u00eate. Trouvez ce que vous cherchez!","breadcrumb":{"@id":"https:\/\/le-bol.fr\/blog\/mentions-legales\/#breadcrumb"},"inLanguage":"fr-FR","potentialAction":[{"@type":"ReadAction","target":["https:\/\/le-bol.fr\/blog\/mentions-legales\/"]}]},{"@type":"BreadcrumbList","@id":"https:\/\/le-bol.fr\/blog\/mentions-legales\/#breadcrumb","itemListElement":[{"@type":"ListItem","position":1,"name":"Accueil","item":"https:\/\/le-bol.fr\/blog\/"},{"@type":"ListItem","position":2,"name":"Mentions l\u00e9gales"}]},{"@type":"WebSite","@id":"https:\/\/le-bol.fr\/blog\/#website","url":"https:\/\/le-bol.fr\/blog\/","name":"LE BLOG DU BOL","description":"Donne vie \u00e0 la terre","publisher":{"@id":"https:\/\/le-bol.fr\/blog\/#\/schema\/person\/cec6a4af61408f0dc6d97d58e0334d9b"},"potentialAction":[{"@type":"SearchAction","target":{"@type":"EntryPoint","urlTemplate":"https:\/\/le-bol.fr\/blog\/?s={search_term_string}"},"query-input":{"@type":"PropertyValueSpecification","valueRequired":true,"valueName":"search_term_string"}}],"inLanguage":"fr-FR"},{"@type":["Person","Organization"],"@id":"https:\/\/le-bol.fr\/blog\/#\/schema\/person\/cec6a4af61408f0dc6d97d58e0334d9b","name":"Sarah","image":{"@type":"ImageObject","inLanguage":"fr-FR","@id":"https:\/\/le-bol.fr\/blog\/#\/schema\/person\/image\/","url":"https:\/\/le-bol.fr\/blog\/wp-content\/uploads\/2023\/08\/logo-lebol.png","contentUrl":"https:\/\/le-bol.fr\/blog\/wp-content\/uploads\/2023\/08\/logo-lebol.png","width":1067,"height":1071,"caption":"Sarah"},"logo":{"@id":"https:\/\/le-bol.fr\/blog\/#\/schema\/person\/image\/"},"description":"Passionn\u00e9e du tournage de poterie, je me suis donn\u00e9 un objectif : vivre de ma passion! Ce blog a pour but de partager avec vous mes recherches, mes r\u00e9alisations, mes \u00e9checs et mes r\u00e9ussites. Bienvenue!","sameAs":["https:\/\/le-bol.fr\/blog\/"]}]}},"uagb_featured_image_src":{"full":false,"thumbnail":false,"medium":false,"medium_large":false,"large":false,"1536x1536":false,"2048x2048":false},"uagb_author_info":{"display_name":"marc","author_link":"https:\/\/le-bol.fr\/blog\/author\/marc\/"},"uagb_comment_info":0,"uagb_excerpt":"1. Informations l\u00e9gales : Le site web www.le-blog-du-bol.fr (ci-apr\u00e8s \u00ab\u00a0le Site\u00a0\u00bb) est \u00e9dit\u00e9 par LE BOL &#8211; JPSC. N\u00b0 Siret : 827 602 863 00017 Si\u00e8ge social : 10, chemin de Plaisance, 47310 S\u00e9rignac sur Garonne, France Email de contact : info@le-bol.fr 2. Directeur de publication : Madame CAMBOT Sarah 3. Co-directeur de publication :\u2026","acf":[],"_links":{"self":[{"href":"https:\/\/le-bol.fr\/blog\/wp-json\/wp\/v2\/pages\/11920","targetHints":{"allow":["GET"]}}],"collection":[{"href":"https:\/\/le-bol.fr\/blog\/wp-json\/wp\/v2\/pages"}],"about":[{"href":"https:\/\/le-bol.fr\/blog\/wp-json\/wp\/v2\/types\/page"}],"author":[{"embeddable":true,"href":"https:\/\/le-bol.fr\/blog\/wp-json\/wp\/v2\/users\/4"}],"replies":[{"embeddable":true,"href":"https:\/\/le-bol.fr\/blog\/wp-json\/wp\/v2\/comments?post=11920"}],"version-history":[{"count":5,"href":"https:\/\/le-bol.fr\/blog\/wp-json\/wp\/v2\/pages\/11920\/revisions"}],"predecessor-version":[{"id":11938,"href":"https:\/\/le-bol.fr\/blog\/wp-json\/wp\/v2\/pages\/11920\/revisions\/11938"}],"wp:attachment":[{"href":"https:\/\/le-bol.fr\/blog\/wp-json\/wp\/v2\/media?parent=11920"}],"curies":[{"name":"wp","href":"https:\/\/api.w.org\/{rel}","templated":true}]}}